{"id":284,"date":"2022-08-21T08:57:40","date_gmt":"2022-08-21T08:57:40","guid":{"rendered":"https:\/\/biogile.lt\/?page_id=284"},"modified":"2023-03-23T19:08:06","modified_gmt":"2023-03-23T19:08:06","slug":"apleistu-zemiu-tvarkymas","status":"publish","type":"page","link":"https:\/\/biogile.lt\/?page_id=284","title":{"rendered":"Apleist\u0173 \u017eemi\u0173 tvarkymas"},"content":{"rendered":"\t\t<div data-elementor-type=\"wp-page\" data-elementor-id=\"284\" class=\"elementor elementor-284\">\n\t\t\t\t\t\t<section class=\"elementor-section elementor-top-section elementor-element elementor-element-8d91305 elementor-section-full_width elementor-section-height-default elementor-section-height-default\" data-id=\"8d91305\" data-element_type=\"section\" data-e-type=\"section\" data-settings=\"{&quot;background_background&quot;:&quot;classic&quot;}\">\n\t\t\t\t\t\t<div class=\"elementor-container elementor-column-gap-default\">\n\t\t\t\t\t<div class=\"elementor-column elementor-col-100 elementor-top-column elementor-element elementor-element-1970722\" data-id=\"1970722\" data-element_type=\"column\" data-e-type=\"column\">\n\t\t\t<div class=\"elementor-widget-wrap\">\n\t\t\t\t\t\t\t<\/div>\n\t\t<\/div>\n\t\t\t\t\t<\/div>\n\t\t<\/section>\n\t\t\t\t<section class=\"elementor-section elementor-top-section elementor-element elementor-element-9ee161c elementor-section-boxed elementor-section-height-default elementor-section-height-default\" data-id=\"9ee161c\" data-element_type=\"section\" data-e-type=\"section\">\n\t\t\t\t\t\t<div class=\"elementor-container elementor-column-gap-default\">\n\t\t\t\t\t<div class=\"elementor-column elementor-col-100 elementor-top-column elementor-element elementor-element-348b52a\" data-id=\"348b52a\" data-element_type=\"column\" data-e-type=\"column\">\n\t\t\t<div class=\"elementor-widget-wrap elementor-element-populated\">\n\t\t\t\t\t\t<div class=\"elementor-element elementor-element-8b102c6 elementor-widget elementor-widget-heading\" data-id=\"8b102c6\" data-element_type=\"widget\" data-e-type=\"widget\" data-widget_type=\"heading.default\">\n\t\t\t\t<div class=\"elementor-widget-container\">\n\t\t\t\t\t<h3 class=\"elementor-heading-title elementor-size-default\">APLEIST\u0172 \u017dEMI\u0172 TVARKYMAS<\/h3>\t\t\t\t<\/div>\n\t\t\t\t<\/div>\n\t\t\t\t\t<\/div>\n\t\t<\/div>\n\t\t\t\t\t<\/div>\n\t\t<\/section>\n\t\t\t\t<section class=\"elementor-section elementor-top-section elementor-element elementor-element-c57a276 elementor-section-boxed elementor-section-height-default elementor-section-height-default\" data-id=\"c57a276\" data-element_type=\"section\" data-e-type=\"section\">\n\t\t\t\t\t\t<div class=\"elementor-container elementor-column-gap-default\">\n\t\t\t\t\t<div class=\"elementor-column elementor-col-100 elementor-top-column elementor-element elementor-element-01090c9\" data-id=\"01090c9\" data-element_type=\"column\" data-e-type=\"column\">\n\t\t\t<div class=\"elementor-widget-wrap elementor-element-populated\">\n\t\t\t\t\t\t<div class=\"elementor-element elementor-element-01b43a9 elementor-widget elementor-widget-text-editor\" data-id=\"01b43a9\" data-element_type=\"widget\" data-e-type=\"widget\" data-widget_type=\"text-editor.default\">\n\t\t\t\t<div class=\"elementor-widget-container\">\n\t\t\t\t\t\t\t\t\t<p>*U\u017e valymo darbus sumok\u0117sime mes<\/p>\t\t\t\t\t\t\t\t<\/div>\n\t\t\t\t<\/div>\n\t\t\t\t\t<\/div>\n\t\t<\/div>\n\t\t\t\t\t<\/div>\n\t\t<\/section>\n\t\t\t\t<section class=\"elementor-section elementor-top-section elementor-element elementor-element-f9b339b elementor-section-boxed elementor-section-height-default elementor-section-height-default\" data-id=\"f9b339b\" data-element_type=\"section\" data-e-type=\"section\">\n\t\t\t\t\t\t<div class=\"elementor-container elementor-column-gap-default\">\n\t\t\t\t\t<div class=\"elementor-column elementor-col-100 elementor-top-column elementor-element elementor-element-ba5e4e1\" data-id=\"ba5e4e1\" data-element_type=\"column\" data-e-type=\"column\">\n\t\t\t<div class=\"elementor-widget-wrap elementor-element-populated\">\n\t\t\t\t\t\t<div class=\"elementor-element elementor-element-a044301 elementor-widget elementor-widget-text-editor\" data-id=\"a044301\" data-element_type=\"widget\" data-e-type=\"widget\" data-widget_type=\"text-editor.default\">\n\t\t\t\t<div class=\"elementor-widget-container\">\n\t\t\t\t\t\t\t\t\t<p><img decoding=\"async\" class=\"alignleft\" src=\"https:\/\/biogile.lt\/wp-content\/uploads\/2022\/08\/biokuras_thumbnail-300x300.jpg\" alt=\"biokuras\" width=\"190\" height=\"190\" \/><a href=\"https:\/\/biogile.lt\/?page_id=52\">Biogil\u0117<\/a> &#8211; tai viena pirm\u0173j\u0173 \u012fmoni\u0173 Lietuvoje prad\u0117jusi teikti, apleist\u0173 ir savaiminiais medeliais apaugusi\u0173, sklyp\u0173 valymo paslaug\u0105. \u012emon\u0117 naudoja \u0161iuolaiki\u0161k\u0105 technik\u0105 i\u0161 Skandinavijos.<\/p><p>Kerpant medelius su \u0161iuolaiki\u0161ka technika, kelmai iki 30cm lieka lyg\u016bs su \u017eeme, tod\u0117l tiek privat\u016bs \u017eem\u0117s savininkai, tiek stamb\u016bs \u016bkininkai pastebi tokio pjovimo \/ kirpimo naud\u0105:<br \/>1. Darbai atliekami kur kas grei\u010diau ir efektyviau, lyginant su \u012fprastu pjovimu pj\u016bklais.<br \/>2. \u017dem\u0117s sklyp\u0105 yra galima \u0161ienauti i\u0161 karto su minimaliu pasiruo\u0161imu, o sutvarkyto \u017eem\u0117s sklypo, pu\u0161eli\u0173 kelmai nauj\u0173 \u016bgli\u0173 nebei\u0161leid\u017eia.<\/p><p>Lapuo\u010diais apaugusius buvusius plotus reguliariai \u0161ienaujant ar laikant gyvulius, kelm\u0173 \u016bgliai sunaikinami ir kelmas laikui b\u0117gant sup\u016bva.<br \/>Tiems, kam reikalingas frezavimas, m\u016bs\u0173 valymo paslauga yra labai naudinga. D\u0117l lygi\u0173 su \u017eeme kelm\u0173, frezavimo darbai vyksta daug grei\u010diau ir pigiau.<\/p>\t\t\t\t\t\t\t\t<\/div>\n\t\t\t\t<\/div>\n\t\t\t\t\t<\/div>\n\t\t<\/div>\n\t\t\t\t\t<\/div>\n\t\t<\/section>\n\t\t\t\t<section class=\"elementor-section elementor-top-section elementor-element elementor-element-6717c07 elementor-section-boxed elementor-section-height-default elementor-section-height-default\" data-id=\"6717c07\" data-element_type=\"section\" data-e-type=\"section\">\n\t\t\t\t\t\t<div class=\"elementor-container elementor-column-gap-default\">\n\t\t\t\t\t<div class=\"elementor-column elementor-col-100 elementor-top-column elementor-element elementor-element-dcc6ff5\" data-id=\"dcc6ff5\" data-element_type=\"column\" data-e-type=\"column\">\n\t\t\t<div class=\"elementor-widget-wrap elementor-element-populated\">\n\t\t\t\t\t\t<div class=\"elementor-element elementor-element-85d6c70 elementor-widget elementor-widget-video\" data-id=\"85d6c70\" data-element_type=\"widget\" data-e-type=\"widget\" data-settings=\"{&quot;video_type&quot;:&quot;vimeo&quot;,&quot;mute&quot;:&quot;yes&quot;}\" data-widget_type=\"video.default\">\n\t\t\t\t<div class=\"elementor-widget-container\">\n\t\t\t\t\t\t\t<div class=\"elementor-wrapper elementor-open-inline\">\n\t\t\t<iframe class=\"elementor-video-iframe\" allowfullscreen allow=\"clipboard-write\" title=\"vimeo Video Player\" src=\"https:\/\/player.vimeo.com\/video\/730596191?color&amp;autopause=0&amp;loop=0&amp;muted=1&amp;title=0&amp;portrait=1&amp;byline=1#t=\"><\/iframe>\t\t<\/div>\n\t\t\t\t\t\t<\/div>\n\t\t\t\t<\/div>\n\t\t\t\t\t<\/div>\n\t\t<\/div>\n\t\t\t\t\t<\/div>\n\t\t<\/section>\n\t\t\t\t<section class=\"elementor-section elementor-top-section elementor-element elementor-element-0e5dff3 elementor-section-boxed elementor-section-height-default elementor-section-height-default\" data-id=\"0e5dff3\" data-element_type=\"section\" data-e-type=\"section\">\n\t\t\t\t\t\t<div class=\"elementor-container elementor-column-gap-default\">\n\t\t\t\t\t<div class=\"elementor-column elementor-col-100 elementor-top-column elementor-element elementor-element-cdcf3bb\" data-id=\"cdcf3bb\" data-element_type=\"column\" data-e-type=\"column\">\n\t\t\t<div class=\"elementor-widget-wrap elementor-element-populated\">\n\t\t\t\t\t\t<div class=\"elementor-element elementor-element-d749459 elementor-widget elementor-widget-heading\" data-id=\"d749459\" data-element_type=\"widget\" data-e-type=\"widget\" data-widget_type=\"heading.default\">\n\t\t\t\t<div class=\"elementor-widget-container\">\n\t\t\t\t\t<h3 class=\"elementor-heading-title elementor-size-default\">Kod\u0117l reikia sutvarkyti apleistus \u017eem\u0117s \u016bkio paskirties sklypus?<\/h3>\t\t\t\t<\/div>\n\t\t\t\t<\/div>\n\t\t\t\t<div class=\"elementor-element elementor-element-7bbd12b elementor-widget elementor-widget-text-editor\" data-id=\"7bbd12b\" data-element_type=\"widget\" data-e-type=\"widget\" data-widget_type=\"text-editor.default\">\n\t\t\t\t<div class=\"elementor-widget-container\">\n\t\t\t\t\t\t\t\t\t<p><img decoding=\"async\" class=\"alignright\" src=\"https:\/\/biogile.lt\/wp-content\/uploads\/2022\/08\/nupjautas_miskas_thumbnail-300x300.jpg\" alt=\"nupjautas medis\" width=\"190\" height=\"190\" \/>Apleistos \u017eem\u0117s savininkams kasmet i\u0161ra\u0161omos baudos u\u017e \u017eem\u0117s neprie\u017ei\u016br\u0105. Be baudos, Jums gali priskirti ir padidint\u0105 metin\u012f \u017eem\u0117s mokes\u010dio tarif\u0105.<br \/>Savivaldyb\u0117s turi teis\u0119 nustatyti nuo 0,1% iki 4% didesn\u012f metin\u012f mokest\u012f. Daugumoje atvej\u0173, u\u017e neprie\u017ei\u016br\u0105, taikomas padidintas, 4% proc. \u017eem\u0117s mokes\u010dio tarifas.<br \/>Gav\u0119 baud\u0105 J\u016bs vistiek prival\u0117site sutvarkyti savo sklyp\u0105, to nepadarius sekan\u010diais metais Jums v\u0117l gr\u0117s nuobauda.<\/p><p><b>Nelaukite baudos, susitvarkykite savo sklyp\u0105 dabar.<br \/>Paskambinkite mums: <a href=\"tel:+37068433332\">+37068433332<\/a><\/b><\/p>\t\t\t\t\t\t\t\t<\/div>\n\t\t\t\t<\/div>\n\t\t\t\t\t<\/div>\n\t\t<\/div>\n\t\t\t\t\t<\/div>\n\t\t<\/section>\n\t\t\t\t<section class=\"elementor-section elementor-top-section elementor-element elementor-element-4430654 elementor-section-boxed elementor-section-height-default elementor-section-height-default\" data-id=\"4430654\" data-element_type=\"section\" data-e-type=\"section\">\n\t\t\t\t\t\t<div class=\"elementor-container elementor-column-gap-default\">\n\t\t\t\t\t<div class=\"elementor-column elementor-col-100 elementor-top-column elementor-element elementor-element-60430ec\" data-id=\"60430ec\" data-element_type=\"column\" data-e-type=\"column\">\n\t\t\t<div class=\"elementor-widget-wrap elementor-element-populated\">\n\t\t\t\t\t\t<div class=\"elementor-element elementor-element-19394d0 elementor-widget elementor-widget-heading\" data-id=\"19394d0\" data-element_type=\"widget\" data-e-type=\"widget\" data-widget_type=\"heading.default\">\n\t\t\t\t<div class=\"elementor-widget-container\">\n\t\t\t\t\t<h3 class=\"elementor-heading-title elementor-size-default\">Leidimai<\/h3>\t\t\t\t<\/div>\n\t\t\t\t<\/div>\n\t\t\t\t<div class=\"elementor-element elementor-element-fd49f3d elementor-widget elementor-widget-text-editor\" data-id=\"fd49f3d\" data-element_type=\"widget\" data-e-type=\"widget\" data-widget_type=\"text-editor.default\">\n\t\t\t\t<div class=\"elementor-widget-container\">\n\t\t\t\t\t\t\t\t\t<p><img decoding=\"async\" class=\"wp-image-413 alignleft\" src=\"https:\/\/biogile.lt\/wp-content\/uploads\/2022\/08\/timberjack_thumbnail-300x300.jpg\" alt=\"timberjack\" width=\"190\" height=\"190\" srcset=\"https:\/\/biogile.lt\/wp-content\/uploads\/2022\/08\/timberjack_thumbnail-300x300.jpg 300w, https:\/\/biogile.lt\/wp-content\/uploads\/2022\/08\/timberjack_thumbnail-1024x1024.jpg 1024w, https:\/\/biogile.lt\/wp-content\/uploads\/2022\/08\/timberjack_thumbnail-150x150.jpg 150w, https:\/\/biogile.lt\/wp-content\/uploads\/2022\/08\/timberjack_thumbnail-768x768.jpg 768w, https:\/\/biogile.lt\/wp-content\/uploads\/2022\/08\/timberjack_thumbnail-600x600.jpg 600w, https:\/\/biogile.lt\/wp-content\/uploads\/2022\/08\/timberjack_thumbnail.jpg 1080w\" sizes=\"(max-width: 190px) 100vw, 190px\" \/><\/p>\n<p>Apleistos \u017eem\u0117s tvarkymui atskiri leidimai n\u0117ra reikalingi, kai laikomasi Lietuvos Respublikos numatyt\u0173 \u012fstatym\u0173.<br>Galimi pjauti medeliai: iki 30cm skersmens, 130cm auk\u0161tyje.<br>Menkaver\u010di\u0173 med\u017ei\u0173 skersmuo n\u0117ra ribojamas.<br>Pagal situacij\u0105, i\u0161 seni\u016bnijos galima gauti leidim\u0105, i\u0161skirtinai didesni\u0173 med\u017ei\u0173 kirtimui, atskiru pra\u0161ymu ir vertinimu.<br>Yra i\u0161skirtini\u0173 ribojim\u0173, kuri\u0173 privaloma laikytis (saugotini med\u017eiai, vandens apsaugos zonos).<\/p>\t\t\t\t\t\t\t\t<\/div>\n\t\t\t\t<\/div>\n\t\t\t\t\t<\/div>\n\t\t<\/div>\n\t\t\t\t\t<\/div>\n\t\t<\/section>\n\t\t\t\t<section class=\"elementor-section elementor-top-section elementor-element elementor-element-10cecfb elementor-section-boxed elementor-section-height-default elementor-section-height-default\" data-id=\"10cecfb\" data-element_type=\"section\" data-e-type=\"section\">\n\t\t\t\t\t\t<div class=\"elementor-container elementor-column-gap-default\">\n\t\t\t\t\t<div class=\"elementor-column elementor-col-100 elementor-top-column elementor-element elementor-element-b621c69\" data-id=\"b621c69\" data-element_type=\"column\" data-e-type=\"column\" data-settings=\"{&quot;background_background&quot;:&quot;classic&quot;}\">\n\t\t\t<div class=\"elementor-widget-wrap elementor-element-populated\">\n\t\t\t\t\t\t<div class=\"elementor-element elementor-element-182ebb7 elementor-widget elementor-widget-heading\" data-id=\"182ebb7\" data-element_type=\"widget\" data-e-type=\"widget\" data-widget_type=\"heading.default\">\n\t\t\t\t<div class=\"elementor-widget-container\">\n\t\t\t\t\t<h2 class=\"elementor-heading-title elementor-size-default\">\u017dinut\u0117 mums<\/h2>\t\t\t\t<\/div>\n\t\t\t\t<\/div>\n\t\t\t\t<div class=\"elementor-element elementor-element-6429e19 elementor-widget elementor-widget-shortcode\" data-id=\"6429e19\" data-element_type=\"widget\" data-e-type=\"widget\" data-widget_type=\"shortcode.default\">\n\t\t\t\t<div class=\"elementor-widget-container\">\n\t\t\t\t\t\t\t<div class=\"elementor-shortcode\"><div class=\"wpforms-container wpforms-container-full\" id=\"wpforms-680\"><form id=\"wpforms-form-680\" class=\"wpforms-validate wpforms-form wpforms-ajax-form\" data-formid=\"680\" method=\"post\" enctype=\"multipart\/form-data\" action=\"\/index.php?rest_route=%2Fwp%2Fv2%2Fpages%2F284\" data-token=\"5c017626ad5cf2823aea6601fe0176bb\" data-token-time=\"1777381673\"><noscript class=\"wpforms-error-noscript\">Please enable JavaScript in your browser to complete this form.<\/noscript><div class=\"wpforms-field-container\"><div id=\"wpforms-680-field_0-container\" class=\"wpforms-field wpforms-field-name\" data-field-id=\"0\"><label class=\"wpforms-field-label\" for=\"wpforms-680-field_0\">Vardas <span class=\"wpforms-required-label\">*<\/span><\/label><div class=\"wpforms-field-row wpforms-field-medium\"><div class=\"wpforms-field-row-block wpforms-first wpforms-one-half\"><input type=\"text\" id=\"wpforms-680-field_0\" class=\"wpforms-field-name-first wpforms-field-required\" name=\"wpforms[fields][0][first]\" placeholder=\"Vardas\" required><label for=\"wpforms-680-field_0\" class=\"wpforms-field-sublabel after wpforms-sublabel-hide\">First<\/label><\/div><div class=\"wpforms-field-row-block wpforms-one-half\"><input type=\"text\" id=\"wpforms-680-field_0-last\" class=\"wpforms-field-name-last wpforms-field-required\" name=\"wpforms[fields][0][last]\" placeholder=\"Pavard\u0117\" required><label for=\"wpforms-680-field_0-last\" class=\"wpforms-field-sublabel after wpforms-sublabel-hide\">Last<\/label><\/div><\/div><\/div><div id=\"wpforms-680-field_1-container\" class=\"wpforms-field wpforms-field-email\" data-field-id=\"1\"><label class=\"wpforms-field-label\" for=\"wpforms-680-field_1\">El. pa\u0161tas <span class=\"wpforms-required-label\">*<\/span><\/label><input type=\"email\" id=\"wpforms-680-field_1\" class=\"wpforms-field-medium wpforms-field-required\" name=\"wpforms[fields][1]\" spellcheck=\"false\" required><\/div><div id=\"wpforms-680-field_7-container\" class=\"wpforms-field wpforms-field-text\" data-field-id=\"7\"><label class=\"wpforms-field-label\" for=\"wpforms-680-field_7\">Telefono nr. <span class=\"wpforms-required-label\">*<\/span><\/label><input type=\"text\" id=\"wpforms-680-field_7\" class=\"wpforms-field-medium wpforms-field-required wpforms-masked-input\" data-rule-inputmask-incomplete=\"1\" data-inputmask-mask=\"+370 (999) 99999\" name=\"wpforms[fields][7]\" required><\/div><div id=\"wpforms-680-field_8-container\" class=\"wpforms-field wpforms-field-text\" data-field-id=\"8\"><label class=\"wpforms-field-label\" for=\"wpforms-680-field_8\">\u017dem\u0117s sklypo kadastro numeris<\/label><input type=\"text\" id=\"wpforms-680-field_8\" class=\"wpforms-field-medium wpforms-masked-input\" data-rule-inputmask-incomplete=\"1\" data-inputmask-mask=\"9999-9999-9999\" name=\"wpforms[fields][8]\" ><\/div><div id=\"wpforms-680-field_2-container\" class=\"wpforms-field wpforms-field-textarea\" data-field-id=\"2\"><label class=\"wpforms-field-label\" for=\"wpforms-680-field_2\">\u017dinut\u0117 <span class=\"wpforms-required-label\">*<\/span><\/label><textarea id=\"wpforms-680-field_2\" class=\"wpforms-field-small wpforms-field-required\" name=\"wpforms[fields][2]\" required><\/textarea><\/div><div id=\"wpforms-680-field_4-container\" class=\"wpforms-field wpforms-field-checkbox\" data-field-id=\"4\"><label class=\"wpforms-field-label\" for=\"wpforms-680-field_4\">Gauti pasi\u016blymus<\/label><ul id=\"wpforms-680-field_4\"><li class=\"choice-1 depth-1 wpforms-selected\"><input type=\"checkbox\" id=\"wpforms-680-field_4_1\" name=\"wpforms[fields][4][]\" value=\"Taip\"   checked='checked'><label class=\"wpforms-field-label-inline\" for=\"wpforms-680-field_4_1\">Taip<\/label><\/li><\/ul><\/div><\/div><!-- .wpforms-field-container --><div class=\"wpforms-submit-container\" ><input type=\"hidden\" name=\"wpforms[id]\" value=\"680\"><input type=\"hidden\" name=\"page_title\" value=\"\"><input type=\"hidden\" name=\"page_url\" value=\"https:\/\/biogile.lt\/index.php?rest_route=%2Fwp%2Fv2%2Fpages%2F284\"><button type=\"submit\" name=\"wpforms[submit]\" id=\"wpforms-submit-680\" class=\"wpforms-submit\" data-alt-text=\"Siun\u010diama\" data-submit-text=\"Si\u016bsti\" aria-live=\"assertive\" value=\"wpforms-submit\">Si\u016bsti<\/button><img loading=\"lazy\" decoding=\"async\" src=\"https:\/\/biogile.lt\/wp-content\/plugins\/wpforms-lite\/assets\/images\/submit-spin.svg\" class=\"wpforms-submit-spinner\" style=\"display: none;\" width=\"26\" height=\"26\" alt=\"Loading\"><\/div><\/form><\/div>  <!-- .wpforms-container --><\/div>\n\t\t\t\t\t\t<\/div>\n\t\t\t\t<\/div>\n\t\t\t\t\t<\/div>\n\t\t<\/div>\n\t\t\t\t\t<\/div>\n\t\t<\/section>\n\t\t\t\t<section class=\"elementor-section elementor-top-section elementor-element elementor-element-1c2c5a6 elementor-section-boxed elementor-section-height-default elementor-section-height-default\" data-id=\"1c2c5a6\" data-element_type=\"section\" data-e-type=\"section\">\n\t\t\t\t\t\t<div class=\"elementor-container elementor-column-gap-default\">\n\t\t\t\t\t<div class=\"elementor-column elementor-col-100 elementor-top-column elementor-element elementor-element-1728efd\" data-id=\"1728efd\" data-element_type=\"column\" data-e-type=\"column\">\n\t\t\t<div class=\"elementor-widget-wrap elementor-element-populated\">\n\t\t\t\t\t\t<div class=\"elementor-element elementor-element-c972380 elementor-widget elementor-widget-text-editor\" data-id=\"c972380\" data-element_type=\"widget\" data-e-type=\"widget\" data-widget_type=\"text-editor.default\">\n\t\t\t\t<div class=\"elementor-widget-container\">\n\t\t\t\t\t\t\t\t\t<p><b>*<\/b>\u00a0&#8211;\u00a0<i>u\u017e stambiai apaugusius plotus, nuo 1 hektaro, sumok\u0117sime mes.<br \/>U\u017e ma\u017eai apaugusi\u0173 ir ma\u017eo ploto darb\u0173, d\u0117l technikos transportavimo ka\u0161t\u0173, kaina derinama atskirai, pagal aplinkybes.<\/i><\/p>\t\t\t\t\t\t\t\t<\/div>\n\t\t\t\t<\/div>\n\t\t\t\t\t<\/div>\n\t\t<\/div>\n\t\t\t\t\t<\/div>\n\t\t<\/section>\n\t\t\t\t<\/div>\n\t\t","protected":false},"excerpt":{"rendered":"<p>APLEIST\u0172 \u017dEMI\u0172 TVARKYMAS *U\u017e valymo darbus sumok\u0117sime mes Biogil\u0117 &#8211; tai viena pirm\u0173j\u0173 \u012fmoni\u0173 Lietuvoje prad\u0117jusi teikti, apleist\u0173 ir savaiminiais medeliais apaugusi\u0173, sklyp\u0173 valymo paslaug\u0105. \u012emon\u0117 naudoja \u0161iuolaiki\u0161k\u0105 technik\u0105 i\u0161 Skandinavijos. Kerpant medelius su \u0161iuolaiki\u0161ka technika, kelmai iki 30cm lieka lyg\u016bs su \u017eeme, tod\u0117l tiek privat\u016bs \u017eem\u0117s savininkai, tiek stamb\u016bs \u016bkininkai pastebi tokio pjovimo \/ &hellip;<\/p>\n","protected":false},"author":1,"featured_media":0,"parent":0,"menu_order":0,"comment_status":"closed","ping_status":"closed","template":"","meta":{"footnotes":""},"class_list":["post-284","page","type-page","status-publish","hentry","no-thumb"],"jetpack_sharing_enabled":true,"_links":{"self":[{"href":"https:\/\/biogile.lt\/index.php?rest_route=\/wp\/v2\/pages\/284","targetHints":{"allow":["GET"]}}],"collection":[{"href":"https:\/\/biogile.lt\/index.php?rest_route=\/wp\/v2\/pages"}],"about":[{"href":"https:\/\/biogile.lt\/index.php?rest_route=\/wp\/v2\/types\/page"}],"author":[{"embeddable":true,"href":"https:\/\/biogile.lt\/index.php?rest_route=\/wp\/v2\/users\/1"}],"replies":[{"embeddable":true,"href":"https:\/\/biogile.lt\/index.php?rest_route=%2Fwp%2Fv2%2Fcomments&post=284"}],"version-history":[{"count":244,"href":"https:\/\/biogile.lt\/index.php?rest_route=\/wp\/v2\/pages\/284\/revisions"}],"predecessor-version":[{"id":1332,"href":"https:\/\/biogile.lt\/index.php?rest_route=\/wp\/v2\/pages\/284\/revisions\/1332"}],"wp:attachment":[{"href":"https:\/\/biogile.lt\/index.php?rest_route=%2Fwp%2Fv2%2Fmedia&parent=284"}],"curies":[{"name":"wp","href":"https:\/\/api.w.org\/{rel}","templated":true}]}}