{"id":52,"date":"2022-07-16T11:40:21","date_gmt":"2022-07-16T11:40:21","guid":{"rendered":"https:\/\/biogile.lt\/?page_id=52"},"modified":"2023-03-23T19:02:39","modified_gmt":"2023-03-23T19:02:39","slug":"apie-mus","status":"publish","type":"page","link":"https:\/\/biogile.lt\/?page_id=52","title":{"rendered":"Apie Mus"},"content":{"rendered":"\t\t<div data-elementor-type=\"wp-page\" data-elementor-id=\"52\" class=\"elementor elementor-52\">\n\t\t\t\t\t\t<section class=\"elementor-section elementor-top-section elementor-element elementor-element-4eb9315 elementor-section-full_width elementor-section-height-default elementor-section-height-default\" data-id=\"4eb9315\" data-element_type=\"section\" data-e-type=\"section\" data-settings=\"{&quot;background_background&quot;:&quot;classic&quot;}\">\n\t\t\t\t\t\t<div class=\"elementor-container elementor-column-gap-default\">\n\t\t\t\t\t<div class=\"elementor-column elementor-col-100 elementor-top-column elementor-element elementor-element-3612fe5\" data-id=\"3612fe5\" data-element_type=\"column\" data-e-type=\"column\">\n\t\t\t<div class=\"elementor-widget-wrap\">\n\t\t\t\t\t\t\t<\/div>\n\t\t<\/div>\n\t\t\t\t\t<\/div>\n\t\t<\/section>\n\t\t\t\t<section class=\"elementor-section elementor-top-section elementor-element elementor-element-10ba760 elementor-section-boxed elementor-section-height-default elementor-section-height-default\" data-id=\"10ba760\" data-element_type=\"section\" data-e-type=\"section\">\n\t\t\t\t\t\t<div class=\"elementor-container elementor-column-gap-default\">\n\t\t\t\t\t<div class=\"elementor-column elementor-col-100 elementor-top-column elementor-element elementor-element-092b4af\" data-id=\"092b4af\" data-element_type=\"column\" data-e-type=\"column\">\n\t\t\t<div class=\"elementor-widget-wrap elementor-element-populated\">\n\t\t\t\t\t\t<div class=\"elementor-element elementor-element-522e9e3 elementor-widget elementor-widget-heading\" data-id=\"522e9e3\" data-element_type=\"widget\" data-e-type=\"widget\" data-widget_type=\"heading.default\">\n\t\t\t\t<div class=\"elementor-widget-container\">\n\t\t\t\t\t<h3 class=\"elementor-heading-title elementor-size-default\">Apie mus<\/h3>\t\t\t\t<\/div>\n\t\t\t\t<\/div>\n\t\t\t\t\t<\/div>\n\t\t<\/div>\n\t\t\t\t\t<\/div>\n\t\t<\/section>\n\t\t\t\t<section class=\"elementor-section elementor-top-section elementor-element elementor-element-fa9c535 elementor-section-boxed elementor-section-height-default elementor-section-height-default\" data-id=\"fa9c535\" data-element_type=\"section\" data-e-type=\"section\">\n\t\t\t\t\t\t<div class=\"elementor-container elementor-column-gap-default\">\n\t\t\t\t\t<div class=\"elementor-column elementor-col-100 elementor-top-column elementor-element elementor-element-d3b46ea\" data-id=\"d3b46ea\" data-element_type=\"column\" data-e-type=\"column\">\n\t\t\t<div class=\"elementor-widget-wrap elementor-element-populated\">\n\t\t\t\t\t\t<div class=\"elementor-element elementor-element-d3ced90 elementor-widget elementor-widget-text-editor\" data-id=\"d3ced90\" data-element_type=\"widget\" data-e-type=\"widget\" data-widget_type=\"text-editor.default\">\n\t\t\t\t<div class=\"elementor-widget-container\">\n\t\t\t\t\t\t\t\t\t<p><a href=\"https:\/\/biogile.lt\/\">UAB Biogil\u0117<\/a> &#8211; tai mi\u0161kininkyst\u0117s ir apleist\u0173 teritorij\u0173 tvarkymo darbus teikianti, bei biokuro pardavimu u\u017esiimanti \u012fmon\u0117. \u012emon\u0117 s\u0117kmingai dirba rinkoje nuo 2014 met\u0173.<br \/>\u012emon\u0117 u\u017esiima apleistos, menkaver\u010diais med\u017eiais ir kr\u016bmais apaugusios \u017eem\u0117s tvarkymu.<br \/>Apaugusi\u0173 kanal\u0173, pakeli\u0173, stambiai apaugusi\u0173 sodyb\u0173, e\u017eero pakran\u010di\u0173 tvarkymu, avarini\u0173 med\u017ei\u0173 pjovimu.<br \/>Apleistos \u017eem\u0117s pirkimu, i\u0161mi\u0161kinimu iki 20 met\u0173 medeli\u0173 paverstu mi\u0161ku, mi\u0161ko pirkimu su \u017eeme, stataus mi\u0161ko pirkimu i\u0161kirtimui.<br \/>Padedame realizuoti medien\u0105,\u00a0organizuojame mi\u0161ko darb\u0173 eig\u0105.<\/p>\t\t\t\t\t\t\t\t<\/div>\n\t\t\t\t<\/div>\n\t\t\t\t\t<\/div>\n\t\t<\/div>\n\t\t\t\t\t<\/div>\n\t\t<\/section>\n\t\t\t\t<section class=\"elementor-section elementor-top-section elementor-element elementor-element-7aae6ba elementor-section-boxed elementor-section-height-default elementor-section-height-default\" data-id=\"7aae6ba\" data-element_type=\"section\" data-e-type=\"section\">\n\t\t\t\t\t\t<div class=\"elementor-container elementor-column-gap-default\">\n\t\t\t\t\t<div class=\"elementor-column elementor-col-100 elementor-top-column elementor-element elementor-element-3b45073\" data-id=\"3b45073\" data-element_type=\"column\" data-e-type=\"column\">\n\t\t\t<div class=\"elementor-widget-wrap elementor-element-populated\">\n\t\t\t\t\t\t<div class=\"elementor-element elementor-element-538f506 elementor-widget elementor-widget-video\" data-id=\"538f506\" data-element_type=\"widget\" data-e-type=\"widget\" data-settings=\"{&quot;video_type&quot;:&quot;vimeo&quot;}\" data-widget_type=\"video.default\">\n\t\t\t\t<div class=\"elementor-widget-container\">\n\t\t\t\t\t\t\t<div class=\"elementor-wrapper elementor-open-inline\">\n\t\t\t<iframe class=\"elementor-video-iframe\" allowfullscreen allow=\"clipboard-write\" title=\"vimeo Video Player\" src=\"https:\/\/player.vimeo.com\/video\/730596191?color&amp;autopause=0&amp;loop=0&amp;muted=0&amp;title=0&amp;portrait=1&amp;byline=1#t=\"><\/iframe>\t\t<\/div>\n\t\t\t\t\t\t<\/div>\n\t\t\t\t<\/div>\n\t\t\t\t\t<\/div>\n\t\t<\/div>\n\t\t\t\t\t<\/div>\n\t\t<\/section>\n\t\t\t\t<section class=\"elementor-section elementor-top-section elementor-element elementor-element-8819e0f elementor-section-boxed elementor-section-height-default elementor-section-height-default\" data-id=\"8819e0f\" data-element_type=\"section\" data-e-type=\"section\" data-settings=\"{&quot;background_background&quot;:&quot;classic&quot;}\">\n\t\t\t\t\t\t<div class=\"elementor-container elementor-column-gap-default\">\n\t\t\t\t\t<div class=\"elementor-column elementor-col-100 elementor-top-column elementor-element elementor-element-188a9c4\" data-id=\"188a9c4\" data-element_type=\"column\" data-e-type=\"column\">\n\t\t\t<div class=\"elementor-widget-wrap elementor-element-populated\">\n\t\t\t\t\t\t<div class=\"elementor-element elementor-element-d51f55b elementor-widget elementor-widget-heading\" data-id=\"d51f55b\" data-element_type=\"widget\" data-e-type=\"widget\" data-widget_type=\"heading.default\">\n\t\t\t\t<div class=\"elementor-widget-container\">\n\t\t\t\t\t<h2 class=\"elementor-heading-title elementor-size-default\">Kod\u0117l verta rinktis mus ?<\/h2>\t\t\t\t<\/div>\n\t\t\t\t<\/div>\n\t\t\t\t<div class=\"elementor-element elementor-element-c3a856b elementor-widget elementor-widget-heading\" data-id=\"c3a856b\" data-element_type=\"widget\" data-e-type=\"widget\" data-widget_type=\"heading.default\">\n\t\t\t\t<div class=\"elementor-widget-container\">\n\t\t\t\t\t<h6 class=\"elementor-heading-title elementor-size-default\">Nes mes...<\/h6>\t\t\t\t<\/div>\n\t\t\t\t<\/div>\n\t\t\t\t<div class=\"elementor-element elementor-element-1e3320e elementor-widget elementor-widget-text-editor\" data-id=\"1e3320e\" data-element_type=\"widget\" data-e-type=\"widget\" data-widget_type=\"text-editor.default\">\n\t\t\t\t<div class=\"elementor-widget-container\">\n\t\t\t\t\t\t\t\t\t<p>&#8230;esame lyderiai savo srityje.<\/p><p>&#8230;naudodajame naujausi\u0105, Suomi\u0161k\u0105 \u012frang\u0105.<\/p><p>&#8230;tvarkingiau ir grei\u010diau atliekame darbus.<\/p><p>&#8230;99% atvej\u0173 pjauname lygiai su \u017eeme, tod\u0117l nebelieka i\u0161lindusi\u0173 kelm\u0173.<\/p><p>&#8230;su turima technika galime apdirbti iki 2ha\/per dien\u0105 pilnai apaugusio lauko.<\/p><p>&#8230;maksimaliai, per dien\u0105, galime pagaminti iki 250 kietmetri\u0173 bioenergetinio kuro.<\/p><p>&#8230;greitai atsiskaitome su klientu.<\/p>\t\t\t\t\t\t\t\t<\/div>\n\t\t\t\t<\/div>\n\t\t\t\t\t<\/div>\n\t\t<\/div>\n\t\t\t\t\t<\/div>\n\t\t<\/section>\n\t\t\t\t<section class=\"elementor-section elementor-top-section elementor-element elementor-element-d2444f5 elementor-section-boxed elementor-section-height-default elementor-section-height-default\" data-id=\"d2444f5\" data-element_type=\"section\" data-e-type=\"section\">\n\t\t\t\t\t\t<div class=\"elementor-container elementor-column-gap-default\">\n\t\t\t\t\t<div class=\"elementor-column elementor-col-100 elementor-top-column elementor-element elementor-element-40c6758\" data-id=\"40c6758\" data-element_type=\"column\" data-e-type=\"column\">\n\t\t\t<div class=\"elementor-widget-wrap elementor-element-populated\">\n\t\t\t\t\t\t<div class=\"elementor-element elementor-element-ce5afa5 elementor-widget elementor-widget-heading\" data-id=\"ce5afa5\" data-element_type=\"widget\" data-e-type=\"widget\" data-widget_type=\"heading.default\">\n\t\t\t\t<div class=\"elementor-widget-container\">\n\t\t\t\t\t<h3 class=\"elementor-heading-title elementor-size-default\">M\u016bs\u0173 draugas - TMK Tree Shear<\/h3>\t\t\t\t<\/div>\n\t\t\t\t<\/div>\n\t\t\t\t<div class=\"elementor-element elementor-element-24cd625 elementor-widget elementor-widget-video\" data-id=\"24cd625\" data-element_type=\"widget\" data-e-type=\"widget\" data-settings=\"{&quot;video_type&quot;:&quot;vimeo&quot;}\" data-widget_type=\"video.default\">\n\t\t\t\t<div class=\"elementor-widget-container\">\n\t\t\t\t\t\t\t<div class=\"elementor-wrapper elementor-open-inline\">\n\t\t\t<iframe class=\"elementor-video-iframe\" allowfullscreen allow=\"clipboard-write\" title=\"vimeo Video Player\" src=\"https:\/\/player.vimeo.com\/video\/765626665?color&amp;autopause=0&amp;loop=0&amp;muted=0&amp;title=0&amp;portrait=1&amp;byline=1#t=\"><\/iframe>\t\t<\/div>\n\t\t\t\t\t\t<\/div>\n\t\t\t\t<\/div>\n\t\t\t\t\t<\/div>\n\t\t<\/div>\n\t\t\t\t\t<\/div>\n\t\t<\/section>\n\t\t\t\t<section class=\"elementor-section elementor-top-section elementor-element elementor-element-ac50cbf elementor-section-boxed elementor-section-height-default elementor-section-height-default\" data-id=\"ac50cbf\" data-element_type=\"section\" data-e-type=\"section\">\n\t\t\t\t\t\t<div class=\"elementor-container elementor-column-gap-default\">\n\t\t\t\t\t<div class=\"elementor-column elementor-col-100 elementor-top-column elementor-element elementor-element-cc6d186\" data-id=\"cc6d186\" data-element_type=\"column\" data-e-type=\"column\">\n\t\t\t<div class=\"elementor-widget-wrap elementor-element-populated\">\n\t\t\t\t\t\t<div class=\"elementor-element elementor-element-13fec21 elementor-widget elementor-widget-heading\" data-id=\"13fec21\" data-element_type=\"widget\" data-e-type=\"widget\" data-widget_type=\"heading.default\">\n\t\t\t\t<div class=\"elementor-widget-container\">\n\t\t\t\t\t<h4 class=\"elementor-heading-title elementor-size-default\">M\u016bs\u0173 partneriai<\/h4>\t\t\t\t<\/div>\n\t\t\t\t<\/div>\n\t\t\t\t\t<\/div>\n\t\t<\/div>\n\t\t\t\t\t<\/div>\n\t\t<\/section>\n\t\t\t\t<section class=\"elementor-section elementor-top-section elementor-element elementor-element-22709ae elementor-section-boxed elementor-section-height-default elementor-section-height-default\" data-id=\"22709ae\" data-element_type=\"section\" data-e-type=\"section\">\n\t\t\t\t\t\t<div class=\"elementor-container elementor-column-gap-default\">\n\t\t\t\t\t<div class=\"elementor-column elementor-col-20 elementor-top-column elementor-element elementor-element-8919255\" data-id=\"8919255\" data-element_type=\"column\" data-e-type=\"column\">\n\t\t\t<div class=\"elementor-widget-wrap elementor-element-populated\">\n\t\t\t\t\t\t<div class=\"elementor-element elementor-element-5deb1d2 elementor-widget elementor-widget-image\" data-id=\"5deb1d2\" data-element_type=\"widget\" data-e-type=\"widget\" data-widget_type=\"image.default\">\n\t\t\t\t<div class=\"elementor-widget-container\">\n\t\t\t\t\t\t\t\t\t\t\t\t\t\t\t\t<a href=\"https:\/\/klasmann-deilmann.com\/lt\/\" target=\"_blank\" rel=\"noopener\">\n\t\t\t\t\t\t\t<img fetchpriority=\"high\" decoding=\"async\" width=\"300\" height=\"300\" src=\"https:\/\/biogile.lt\/wp-content\/uploads\/2022\/08\/logo_klasmann-deilmann.png\" class=\"attachment-large size-large wp-image-783\" alt=\"Klasmann-deilmann\" srcset=\"https:\/\/biogile.lt\/wp-content\/uploads\/2022\/08\/logo_klasmann-deilmann.png 300w, https:\/\/biogile.lt\/wp-content\/uploads\/2022\/08\/logo_klasmann-deilmann-150x150.png 150w\" sizes=\"(max-width: 300px) 100vw, 300px\" \/>\t\t\t\t\t\t\t\t<\/a>\n\t\t\t\t\t\t\t\t\t\t\t\t\t\t\t<\/div>\n\t\t\t\t<\/div>\n\t\t\t\t\t<\/div>\n\t\t<\/div>\n\t\t\t\t<div class=\"elementor-column elementor-col-20 elementor-top-column elementor-element elementor-element-7b4a57c\" data-id=\"7b4a57c\" data-element_type=\"column\" data-e-type=\"column\">\n\t\t\t<div class=\"elementor-widget-wrap elementor-element-populated\">\n\t\t\t\t\t\t<div class=\"elementor-element elementor-element-4071cd9 elementor-widget elementor-widget-image\" data-id=\"4071cd9\" data-element_type=\"widget\" data-e-type=\"widget\" data-widget_type=\"image.default\">\n\t\t\t\t<div class=\"elementor-widget-container\">\n\t\t\t\t\t\t\t\t\t\t\t\t\t\t\t\t<a href=\"https:\/\/www.adampolis.lt\/\" target=\"_blank\" rel=\"noopener\">\n\t\t\t\t\t\t\t<img decoding=\"async\" width=\"300\" height=\"300\" src=\"https:\/\/biogile.lt\/wp-content\/uploads\/2022\/08\/adampolis-logo_2.png\" class=\"attachment-large size-large wp-image-782\" alt=\"Adampolis\" srcset=\"https:\/\/biogile.lt\/wp-content\/uploads\/2022\/08\/adampolis-logo_2.png 300w, https:\/\/biogile.lt\/wp-content\/uploads\/2022\/08\/adampolis-logo_2-150x150.png 150w\" sizes=\"(max-width: 300px) 100vw, 300px\" \/>\t\t\t\t\t\t\t\t<\/a>\n\t\t\t\t\t\t\t\t\t\t\t\t\t\t\t<\/div>\n\t\t\t\t<\/div>\n\t\t\t\t\t<\/div>\n\t\t<\/div>\n\t\t\t\t<div class=\"elementor-column elementor-col-20 elementor-top-column elementor-element elementor-element-016ad16\" data-id=\"016ad16\" data-element_type=\"column\" data-e-type=\"column\">\n\t\t\t<div class=\"elementor-widget-wrap elementor-element-populated\">\n\t\t\t\t\t\t<div class=\"elementor-element elementor-element-3396a10 elementor-widget elementor-widget-image\" data-id=\"3396a10\" data-element_type=\"widget\" data-e-type=\"widget\" data-widget_type=\"image.default\">\n\t\t\t\t<div class=\"elementor-widget-container\">\n\t\t\t\t\t\t\t\t\t\t\t\t\t\t\t\t<a href=\"https:\/\/rekvizitai.vz.lt\/en\/company\/valmeros_miskai\/\" target=\"_blank\" rel=\"noopener\">\n\t\t\t\t\t\t\t<img decoding=\"async\" width=\"300\" height=\"300\" src=\"https:\/\/biogile.lt\/wp-content\/uploads\/2022\/08\/UAB_lokema.png\" class=\"attachment-large size-large wp-image-793\" alt=\"UAB Lokema\" srcset=\"https:\/\/biogile.lt\/wp-content\/uploads\/2022\/08\/UAB_lokema.png 300w, https:\/\/biogile.lt\/wp-content\/uploads\/2022\/08\/UAB_lokema-150x150.png 150w\" sizes=\"(max-width: 300px) 100vw, 300px\" \/>\t\t\t\t\t\t\t\t<\/a>\n\t\t\t\t\t\t\t\t\t\t\t\t\t\t\t<\/div>\n\t\t\t\t<\/div>\n\t\t\t\t\t<\/div>\n\t\t<\/div>\n\t\t\t\t<div class=\"elementor-column elementor-col-20 elementor-top-column elementor-element elementor-element-8344b5b\" data-id=\"8344b5b\" data-element_type=\"column\" data-e-type=\"column\">\n\t\t\t<div class=\"elementor-widget-wrap elementor-element-populated\">\n\t\t\t\t\t\t<div class=\"elementor-element elementor-element-f51c4be elementor-widget elementor-widget-image\" data-id=\"f51c4be\" data-element_type=\"widget\" data-e-type=\"widget\" data-widget_type=\"image.default\">\n\t\t\t\t<div class=\"elementor-widget-container\">\n\t\t\t\t\t\t\t\t\t\t\t\t\t\t\t\t<a href=\"https:\/\/relidita.lt\/\" target=\"_blank\" rel=\"noopener\">\n\t\t\t\t\t\t\t<img loading=\"lazy\" decoding=\"async\" width=\"300\" height=\"300\" src=\"https:\/\/biogile.lt\/wp-content\/uploads\/2022\/08\/relidita.png\" class=\"attachment-large size-large wp-image-784\" alt=\"UAB Relidita\" srcset=\"https:\/\/biogile.lt\/wp-content\/uploads\/2022\/08\/relidita.png 300w, https:\/\/biogile.lt\/wp-content\/uploads\/2022\/08\/relidita-150x150.png 150w\" sizes=\"(max-width: 300px) 100vw, 300px\" \/>\t\t\t\t\t\t\t\t<\/a>\n\t\t\t\t\t\t\t\t\t\t\t\t\t\t\t<\/div>\n\t\t\t\t<\/div>\n\t\t\t\t\t<\/div>\n\t\t<\/div>\n\t\t\t\t<div class=\"elementor-column elementor-col-20 elementor-top-column elementor-element elementor-element-705a1f6\" data-id=\"705a1f6\" data-element_type=\"column\" data-e-type=\"column\">\n\t\t\t<div class=\"elementor-widget-wrap elementor-element-populated\">\n\t\t\t\t\t\t<div class=\"elementor-element elementor-element-23c5f5d elementor-widget elementor-widget-image\" data-id=\"23c5f5d\" data-element_type=\"widget\" data-e-type=\"widget\" data-widget_type=\"image.default\">\n\t\t\t\t<div class=\"elementor-widget-container\">\n\t\t\t\t\t\t\t\t\t\t\t\t\t\t\t\t<a href=\"https:\/\/tmktreeshear.com\/\" target=\"_blank\" rel=\"noopener\">\n\t\t\t\t\t\t\t<img loading=\"lazy\" decoding=\"async\" width=\"300\" height=\"192\" src=\"https:\/\/biogile.lt\/wp-content\/uploads\/2022\/08\/TMK_300.png\" class=\"attachment-large size-large wp-image-629\" alt=\"\" \/>\t\t\t\t\t\t\t\t<\/a>\n\t\t\t\t\t\t\t\t\t\t\t\t\t\t\t<\/div>\n\t\t\t\t<\/div>\n\t\t\t\t\t<\/div>\n\t\t<\/div>\n\t\t\t\t\t<\/div>\n\t\t<\/section>\n\t\t\t\t<section class=\"elementor-section elementor-top-section elementor-element elementor-element-a6e2d20 elementor-section-boxed elementor-section-height-default elementor-section-height-default\" data-id=\"a6e2d20\" data-element_type=\"section\" data-e-type=\"section\">\n\t\t\t\t\t\t<div class=\"elementor-container elementor-column-gap-default\">\n\t\t\t\t\t<div class=\"elementor-column elementor-col-100 elementor-top-column elementor-element elementor-element-d499325\" data-id=\"d499325\" data-element_type=\"column\" data-e-type=\"column\">\n\t\t\t<div class=\"elementor-widget-wrap elementor-element-populated\">\n\t\t\t\t\t\t<div class=\"elementor-element elementor-element-8d4186f elementor-widget elementor-widget-heading\" data-id=\"8d4186f\" data-element_type=\"widget\" data-e-type=\"widget\" data-widget_type=\"heading.default\">\n\t\t\t\t<div class=\"elementor-widget-container\">\n\t\t\t\t\t<h4 class=\"elementor-heading-title elementor-size-default\">Sertifikatai<\/h4>\t\t\t\t<\/div>\n\t\t\t\t<\/div>\n\t\t\t\t\t<\/div>\n\t\t<\/div>\n\t\t\t\t\t<\/div>\n\t\t<\/section>\n\t\t\t\t<section class=\"elementor-section elementor-top-section elementor-element elementor-element-e5066ef elementor-section-boxed elementor-section-height-default elementor-section-height-default\" data-id=\"e5066ef\" data-element_type=\"section\" data-e-type=\"section\" data-settings=\"{&quot;background_background&quot;:&quot;classic&quot;}\">\n\t\t\t\t\t\t<div class=\"elementor-container elementor-column-gap-default\">\n\t\t\t\t\t<div class=\"elementor-column elementor-col-50 elementor-top-column elementor-element elementor-element-9ac398c\" data-id=\"9ac398c\" data-element_type=\"column\" data-e-type=\"column\">\n\t\t\t<div class=\"elementor-widget-wrap elementor-element-populated\">\n\t\t\t\t\t\t<div class=\"elementor-element elementor-element-bc88832 elementor-widget elementor-widget-image\" data-id=\"bc88832\" data-element_type=\"widget\" data-e-type=\"widget\" data-widget_type=\"image.default\">\n\t\t\t\t<div class=\"elementor-widget-container\">\n\t\t\t\t\t\t\t\t\t\t\t\t\t\t\t<img loading=\"lazy\" decoding=\"async\" width=\"300\" height=\"302\" src=\"https:\/\/biogile.lt\/wp-content\/uploads\/2022\/08\/Biogile\u0307-CCS_300.png\" class=\"attachment-large size-large wp-image-628\" alt=\"biokuras\" srcset=\"https:\/\/biogile.lt\/wp-content\/uploads\/2022\/08\/Biogile\u0307-CCS_300.png 300w, https:\/\/biogile.lt\/wp-content\/uploads\/2022\/08\/Biogile\u0307-CCS_300-298x300.png 298w, https:\/\/biogile.lt\/wp-content\/uploads\/2022\/08\/Biogile\u0307-CCS_300-150x150.png 150w\" sizes=\"(max-width: 300px) 100vw, 300px\" \/>\t\t\t\t\t\t\t\t\t\t\t\t\t\t\t<\/div>\n\t\t\t\t<\/div>\n\t\t\t\t\t<\/div>\n\t\t<\/div>\n\t\t\t\t<div class=\"elementor-column elementor-col-50 elementor-top-column elementor-element elementor-element-ea04fc7\" data-id=\"ea04fc7\" data-element_type=\"column\" data-e-type=\"column\">\n\t\t\t<div class=\"elementor-widget-wrap elementor-element-populated\">\n\t\t\t\t\t\t<div class=\"elementor-element elementor-element-83316bd elementor-widget elementor-widget-image\" data-id=\"83316bd\" data-element_type=\"widget\" data-e-type=\"widget\" data-widget_type=\"image.default\">\n\t\t\t\t<div class=\"elementor-widget-container\">\n\t\t\t\t\t\t\t\t\t\t\t\t\t\t\t<img loading=\"lazy\" decoding=\"async\" width=\"300\" height=\"300\" src=\"https:\/\/biogile.lt\/wp-content\/uploads\/2022\/08\/sertifikatas_300.png\" class=\"attachment-large size-large wp-image-627\" alt=\"biokuras\" srcset=\"https:\/\/biogile.lt\/wp-content\/uploads\/2022\/08\/sertifikatas_300.png 300w, https:\/\/biogile.lt\/wp-content\/uploads\/2022\/08\/sertifikatas_300-150x150.png 150w\" sizes=\"(max-width: 300px) 100vw, 300px\" \/>\t\t\t\t\t\t\t\t\t\t\t\t\t\t\t<\/div>\n\t\t\t\t<\/div>\n\t\t\t\t\t<\/div>\n\t\t<\/div>\n\t\t\t\t\t<\/div>\n\t\t<\/section>\n\t\t\t\t<\/div>\n\t\t","protected":false},"excerpt":{"rendered":"<p>Apie mus UAB Biogil\u0117 &#8211; tai mi\u0161kininkyst\u0117s ir apleist\u0173 teritorij\u0173 tvarkymo darbus teikianti, bei biokuro pardavimu u\u017esiimanti \u012fmon\u0117. \u012emon\u0117 s\u0117kmingai dirba rinkoje nuo 2014 met\u0173.\u012emon\u0117 u\u017esiima apleistos, menkaver\u010diais med\u017eiais ir kr\u016bmais apaugusios \u017eem\u0117s tvarkymu.Apaugusi\u0173 kanal\u0173, pakeli\u0173, stambiai apaugusi\u0173 sodyb\u0173, e\u017eero pakran\u010di\u0173 tvarkymu, avarini\u0173 med\u017ei\u0173 pjovimu.Apleistos \u017eem\u0117s pirkimu, i\u0161mi\u0161kinimu iki 20 met\u0173 medeli\u0173 paverstu mi\u0161ku, mi\u0161ko &hellip;<\/p>\n","protected":false},"author":1,"featured_media":0,"parent":0,"menu_order":0,"comment_status":"closed","ping_status":"closed","template":"","meta":{"footnotes":""},"class_list":["post-52","page","type-page","status-publish","hentry","no-thumb"],"jetpack_sharing_enabled":true,"_links":{"self":[{"href":"https:\/\/biogile.lt\/index.php?rest_route=\/wp\/v2\/pages\/52","targetHints":{"allow":["GET"]}}],"collection":[{"href":"https:\/\/biogile.lt\/index.php?rest_route=\/wp\/v2\/pages"}],"about":[{"href":"https:\/\/biogile.lt\/index.php?rest_route=\/wp\/v2\/types\/page"}],"author":[{"embeddable":true,"href":"https:\/\/biogile.lt\/index.php?rest_route=\/wp\/v2\/users\/1"}],"replies":[{"embeddable":true,"href":"https:\/\/biogile.lt\/index.php?rest_route=%2Fwp%2Fv2%2Fcomments&post=52"}],"version-history":[{"count":214,"href":"https:\/\/biogile.lt\/index.php?rest_route=\/wp\/v2\/pages\/52\/revisions"}],"predecessor-version":[{"id":1326,"href":"https:\/\/biogile.lt\/index.php?rest_route=\/wp\/v2\/pages\/52\/revisions\/1326"}],"wp:attachment":[{"href":"https:\/\/biogile.lt\/index.php?rest_route=%2Fwp%2Fv2%2Fmedia&parent=52"}],"curies":[{"name":"wp","href":"https:\/\/api.w.org\/{rel}","templated":true}]}}