{"id":86,"date":"2022-07-16T12:35:49","date_gmt":"2022-07-16T12:35:49","guid":{"rendered":"https:\/\/biogile.lt\/?page_id=86"},"modified":"2022-08-29T15:52:34","modified_gmt":"2022-08-29T15:52:34","slug":"paslaugos","status":"publish","type":"page","link":"https:\/\/biogile.lt\/?page_id=86","title":{"rendered":"Paslaugos"},"content":{"rendered":"\t\t<div data-elementor-type=\"wp-page\" data-elementor-id=\"86\" class=\"elementor elementor-86\">\n\t\t\t\t\t\t<section class=\"elementor-section elementor-top-section elementor-element elementor-element-f1e0444 elementor-section-boxed elementor-section-height-default elementor-section-height-default\" data-id=\"f1e0444\" data-element_type=\"section\" data-e-type=\"section\">\n\t\t\t\t\t\t<div class=\"elementor-container elementor-column-gap-default\">\n\t\t\t\t\t<div class=\"elementor-column elementor-col-100 elementor-top-column elementor-element elementor-element-74d3e6a\" data-id=\"74d3e6a\" data-element_type=\"column\" data-e-type=\"column\">\n\t\t\t<div class=\"elementor-widget-wrap elementor-element-populated\">\n\t\t\t\t\t\t<div class=\"elementor-element elementor-element-072b5be elementor-widget elementor-widget-heading\" data-id=\"072b5be\" data-element_type=\"widget\" data-e-type=\"widget\" data-widget_type=\"heading.default\">\n\t\t\t\t<div class=\"elementor-widget-container\">\n\t\t\t\t\t<h4 class=\"elementor-heading-title elementor-size-default\">Pasirinkite paslaug\u0105:<\/h4>\t\t\t\t<\/div>\n\t\t\t\t<\/div>\n\t\t\t\t<section class=\"elementor-section elementor-inner-section elementor-element elementor-element-4f5bbce elementor-section-boxed elementor-section-height-default elementor-section-height-default\" data-id=\"4f5bbce\" data-element_type=\"section\" data-e-type=\"section\">\n\t\t\t\t\t\t<div class=\"elementor-container elementor-column-gap-default\">\n\t\t\t\t\t<div class=\"elementor-column elementor-col-50 elementor-inner-column elementor-element elementor-element-cadd67a\" data-id=\"cadd67a\" data-element_type=\"column\" data-e-type=\"column\" data-settings=\"{&quot;background_background&quot;:&quot;classic&quot;}\">\n\t\t\t<div class=\"elementor-widget-wrap elementor-element-populated\">\n\t\t\t\t\t\t<div class=\"elementor-element elementor-element-7a2cfa4 elementor-widget elementor-widget-heading\" data-id=\"7a2cfa4\" data-element_type=\"widget\" data-e-type=\"widget\" data-widget_type=\"heading.default\">\n\t\t\t\t<div class=\"elementor-widget-container\">\n\t\t\t\t\t<h3 class=\"elementor-heading-title elementor-size-default\"><a href=\"https:\/\/biogile.lt\/?page_id=284\">Apleist\u0173 sklyp\u0173<br>tvarkymas<\/a><\/h3>\t\t\t\t<\/div>\n\t\t\t\t<\/div>\n\t\t\t\t<div class=\"elementor-element elementor-element-bb16766 elementor-widget elementor-widget-text-editor\" data-id=\"bb16766\" data-element_type=\"widget\" data-e-type=\"widget\" data-widget_type=\"text-editor.default\">\n\t\t\t\t<div class=\"elementor-widget-container\">\n\t\t\t\t\t\t\t\t\t<p><a href=\"https:\/\/biogile.lt\/?page_id=284\">Tvarkome apleist\u0105, savaiminiais medeliais apaugusi\u0105, \u017eem\u0117s \u016bkio paskirties \u017eem\u0119.<\/a><\/p>\t\t\t\t\t\t\t\t<\/div>\n\t\t\t\t<\/div>\n\t\t\t\t\t<\/div>\n\t\t<\/div>\n\t\t\t\t<div class=\"elementor-column elementor-col-50 elementor-inner-column elementor-element elementor-element-8307d85\" data-id=\"8307d85\" data-element_type=\"column\" data-e-type=\"column\" data-settings=\"{&quot;background_background&quot;:&quot;classic&quot;}\">\n\t\t\t<div class=\"elementor-widget-wrap elementor-element-populated\">\n\t\t\t\t\t\t<div class=\"elementor-element elementor-element-7ac628a elementor-widget elementor-widget-heading\" data-id=\"7ac628a\" data-element_type=\"widget\" data-e-type=\"widget\" data-widget_type=\"heading.default\">\n\t\t\t\t<div class=\"elementor-widget-container\">\n\t\t\t\t\t<h3 class=\"elementor-heading-title elementor-size-default\"><a href=\"https:\/\/biogile.lt\/?page_id=286\">Mi\u0161k\u0173 supirkimas,\nsupirkimas su \u017eeme<\/a><\/h3>\t\t\t\t<\/div>\n\t\t\t\t<\/div>\n\t\t\t\t<div class=\"elementor-element elementor-element-2df6dcb elementor-widget elementor-widget-text-editor\" data-id=\"2df6dcb\" data-element_type=\"widget\" data-e-type=\"widget\" data-widget_type=\"text-editor.default\">\n\t\t\t\t<div class=\"elementor-widget-container\">\n\t\t\t\t\t\t\t\t\t<a href=\"https:\/\/biogile.lt\/?page_id=286\">Brangiai\u00a0perkame mi\u0161k\u0105:<br>\nvis\u0173 tip\u0173, su \u017eeme arba sta\u010diu mi\u0161ku.<\/a>\t\t\t\t\t\t\t\t<\/div>\n\t\t\t\t<\/div>\n\t\t\t\t\t<\/div>\n\t\t<\/div>\n\t\t\t\t\t<\/div>\n\t\t<\/section>\n\t\t\t\t\t<\/div>\n\t\t<\/div>\n\t\t\t\t\t<\/div>\n\t\t<\/section>\n\t\t\t\t<\/div>\n\t\t","protected":false},"excerpt":{"rendered":"<p>Pasirinkite paslaug\u0105: Apleist\u0173 sklyp\u0173tvarkymas Tvarkome apleist\u0105, savaiminiais medeliais apaugusi\u0105, \u017eem\u0117s \u016bkio paskirties \u017eem\u0119. Mi\u0161k\u0173 supirkimas, supirkimas su \u017eeme Brangiai\u00a0perkame mi\u0161k\u0105: vis\u0173 tip\u0173, su \u017eeme arba sta\u010diu mi\u0161ku.<\/p>\n","protected":false},"author":1,"featured_media":0,"parent":0,"menu_order":0,"comment_status":"closed","ping_status":"closed","template":"","meta":{"footnotes":""},"class_list":["post-86","page","type-page","status-publish","hentry","no-thumb"],"jetpack_sharing_enabled":true,"_links":{"self":[{"href":"https:\/\/biogile.lt\/index.php?rest_route=\/wp\/v2\/pages\/86","targetHints":{"allow":["GET"]}}],"collection":[{"href":"https:\/\/biogile.lt\/index.php?rest_route=\/wp\/v2\/pages"}],"about":[{"href":"https:\/\/biogile.lt\/index.php?rest_route=\/wp\/v2\/types\/page"}],"author":[{"embeddable":true,"href":"https:\/\/biogile.lt\/index.php?rest_route=\/wp\/v2\/users\/1"}],"replies":[{"embeddable":true,"href":"https:\/\/biogile.lt\/index.php?rest_route=%2Fwp%2Fv2%2Fcomments&post=86"}],"version-history":[{"count":124,"href":"https:\/\/biogile.lt\/index.php?rest_route=\/wp\/v2\/pages\/86\/revisions"}],"predecessor-version":[{"id":753,"href":"https:\/\/biogile.lt\/index.php?rest_route=\/wp\/v2\/pages\/86\/revisions\/753"}],"wp:attachment":[{"href":"https:\/\/biogile.lt\/index.php?rest_route=%2Fwp%2Fv2%2Fmedia&parent=86"}],"curies":[{"name":"wp","href":"https:\/\/api.w.org\/{rel}","templated":true}]}}